{"id":5018,"date":"2020-05-13T16:07:05","date_gmt":"2020-05-13T14:07:05","guid":{"rendered":"https:\/\/h3c.preprod.agence-modedemploi.fr\/mentions-legales\/"},"modified":"2020-07-09T10:41:09","modified_gmt":"2020-07-09T08:41:09","slug":"legal-mentions","status":"publish","type":"page","link":"https:\/\/h3c.preprod.agence-modedemploi.fr\/en\/legal-mentions\/","title":{"rendered":"Legal Mentions"},"content":{"rendered":"<p style=\"text-align: justify;\"><strong><span style=\"color: #0400bf;\">Informations \u00e9ditoriales<\/span><\/strong><br \/>\nDirecteur de la publication : Madame Christine Gu\u00e9guen, Pr\u00e9sidente <br \/>\nR\u00e9dacteur en chef : Madame Christine Gu\u00e9guen, Pr\u00e9sidente <br \/>\nEditeur : Haut conseil du commissariat aux comptes (H3C) <br \/>\n104 avenue du pr\u00e9sident Kennedy <br \/>\n75016 Paris &#8211; France<\/p>\n<p style=\"text-align: justify;\"><span style=\"color: #0400bf;\"><strong>Cr\u00e9dits<\/strong><\/span><br \/>\nPhotos : l\u2019\u0152il nu<br \/>\nH\u00e9bergement\u00a0 : [\u00e0 compl\u00e9ter]<br \/>\nR\u00e9alisation : Softeam Agency 21, avenue Victor Hugo &#8211; 75116 Paris, (https:\/\/www.softeamagency.fr\/), SmartAgence<br \/>\nOutils de gestion de contenus : Wordpress<\/p>\n<p style=\"text-align: justify;\"><span style=\"color: #0400bf;\"><strong>Responsabilit\u00e9s<\/strong><\/span><br \/>\nL&#8217;Editeur ne saurait \u00eatre tenu responsable des dommages qui pourraient r\u00e9sulter de l&#8217;acc\u00e8s ou de l&#8217;utilisation du site ou des services \u00e9dit\u00e9s ou des informations qui y figurent, quelle qu&#8217;en soit la nature. L&#8217;Editeur d\u00e9cline toute responsabilit\u00e9 concernant l&#8217;opportunit\u00e9 des d\u00e9cisions prises par les utilisateurs sur la seule foi des informations publi\u00e9es sur le site, et les modalit\u00e9s d&#8217;ex\u00e9cution desdites d\u00e9cisions.<\/p>\n<p style=\"text-align: justify;\">L&#8217;utilisateur reconna\u00eet que, nonobstant l&#8217;ensemble des moyens techniques mis en oeuvre par l&#8217;Editeur en cause, le r\u00e9seau Internet pr\u00e9sente des sp\u00e9cificit\u00e9s techniques ne mettant pas en mesure l&#8217;Editeur de garantir la continuit\u00e9 absolue de l&#8217;acc\u00e8s aux services. L&#8217;utilisateur reconna\u00eet que les informations et services propos\u00e9s par l&#8217;Editeur pourront \u00eatre interrompus en raison de cas de force majeure, de cas ind\u00e9pendants de la volont\u00e9 dudit Editeur ou de faits ne relevant pas de sa responsabilit\u00e9. Dans ces cas, la responsabilit\u00e9 de l&#8217;Editeur ne pourra \u00eatre recherch\u00e9e.<\/p>\n<p style=\"text-align: justify;\">Il appartient \u00e0 l&#8217;utilisateur de prendre toutes les mesures appropri\u00e9es de fa\u00e7on \u00e0 prot\u00e9ger ses donn\u00e9es ainsi que son \u00e9quipement, contre la contamination par des virus comme des tentatives d&#8217;intrusion dans votre syst\u00e8me informatique par des tiers. L&#8217;utilisateur reconna\u00eet que son \u00e9quipement est connect\u00e9 au r\u00e9seau Internet sous son enti\u00e8re responsabilit\u00e9 et qu&#8217;en cons\u00e9quence l&#8217;Editeur n&#8217;est en rien responsable de tout dommage pouvant survenir durant sa connexion.<\/p>\n<p style=\"text-align: justify;\">En cons\u00e9quence, l&#8217;Editeur d\u00e9cline toute responsabilit\u00e9 en cas de dommages subis \u00e0 raison notamment de la perte, de la d\u00e9t\u00e9rioration ou de l&#8217;alt\u00e9ration de fichiers, de la transmission de virus qui pourraient infecter l&#8217;\u00e9quipement informatique de l&#8217;utilisateur ou tout autre bien \u00e0 l&#8217;occasion de la connexion et\/ou de la consultation et\/ou de l&#8217;utilisation de l&#8217;application et des sites qu&#8217;elle authentifie.<\/p>\n<p style=\"text-align: justify;\"><span style=\"color: #0400bf;\"><strong>Garanties<\/strong><\/span><br \/>\nToutes les informations et donn\u00e9es transmises ou saisies par l&#8217;utilisateur le sont sous sa seule responsabilit\u00e9. Elles doivent \u00eatre factuelles, objectives et ne pas constituer des remises en cause personnelles graves, ni d&#8217;insultes ou de menaces. L&#8217;utilisateur s&#8217;engage \u00e0 garantir et \u00e0 indemniser l&#8217;Editeur contre tous les dommages directs et indirects qui pourraient en r\u00e9sulter.<\/p>\n<p style=\"text-align: justify;\"><span style=\"color: #0400bf;\"><strong>G\u00e9n\u00e9ralit\u00e9s<\/strong><\/span><\/p>\n<p style=\"text-align: justify;\"><strong>Propri\u00e9t\u00e9 Intellectuelle :<\/strong><br \/>\nLe site ne conc\u00e8de \u00e0 l&#8217;utilisateur qu&#8217;une autorisation de visualisation de son contenu \u00e0 titre personnel et priv\u00e9, sur son ordinateur, \u00e0 l&#8217;exclusion de toute visualisation ou diffusion publique.<\/p>\n<p style=\"text-align: justify;\">La structure g\u00e9n\u00e9rale ainsi que les logiciels, textes, images, sons, graphismes, l&#8217;ensemble des fonds documentaires, ouvrages et illustrations\u2026 et tout autre \u00e9l\u00e9ment composant le site sont la propri\u00e9t\u00e9 exclusive de l&#8217;Editeur, ou bien sont r\u00e9guli\u00e8rement exploit\u00e9s sous licence.<\/p>\n<p style=\"text-align: justify;\">Ces \u00e9l\u00e9ments sont prot\u00e9g\u00e9s par les lois fran\u00e7aises et les textes internationaux relatifs au respect des droits d&#8217;auteur, copyright, marque, dessin ou mod\u00e8le, et brevet. La mise en ligne du pr\u00e9sent site n&#8217;emporte pas licence d&#8217;utilisation des droits privatifs \u00e9num\u00e9r\u00e9s ci-dessus, une telle utilisation \u00e9tant subordonn\u00e9e au consentement \u00e9crit et pr\u00e9alable du propri\u00e9taire.<\/p>\n<p style=\"text-align: justify;\"><em>Liens hypertextes<\/em><\/p>\n<p style=\"text-align: justify;\">L&#8217;Editeur d\u00e9cline toute responsabilit\u00e9 sur le contenu des sites dont il n&#8217;est pas l&#8217;\u00e9diteur et qui sont accessibles par l&#8217;interm\u00e9diaire de liens hypertextes.<\/p>\n<p style=\"text-align: justify;\"><span style=\"color: #0400bf;\"><strong>Cr\u00e9ation d&#8217;un lien vers le site du H3C (h3c.org)<\/strong><\/span><br \/>\nLe Haut conseil du commissariat aux comptes (H3C) autorise la cr\u00e9ation de liens hypertextes menant aux contenus de son site, sous r\u00e9serve que :<\/p>\n<ul>\n<li style=\"text-align: justify;\">les liens pointant vers les pages du site h3c.org ne soient pas imbriqu\u00e9s \u00e0 l&#8217;int\u00e9rieur des pages d&#8217;un autre site, mais accessibles par l&#8217;ouverture d&#8217;une fen\u00eatre ou d\u2019un onglet ;<\/li>\n<li style=\"text-align: justify;\">l&#8217;\u00e9tablissement d&#8217;un lien hypertexte vers une page du site du H3C doit \u00eatre explicite. Une mention pr\u00e9cisant le nom et l&#8217;adresse du site du H3C doit pr\u00e9c\u00e9der ce lien.<\/li>\n<\/ul>\n<p style=\"text-align: justify;\">Toutefois, le H3C se r\u00e9serve le droit de demander la suppression d&#8217;un lien qu&#8217;elle estime non conforme \u00e0 sa politique \u00e9ditoriale.<\/p>\n<p style=\"text-align: justify;\">Le H3C ne saurait \u00eatre engag\u00e9 d&#8217;aucune fa\u00e7on par la pr\u00e9sence d&#8217;un lien vers son site \u00e0 partir d&#8217;un site tiers.<\/p>\n<p style=\"text-align: justify;\"><span style=\"color: #0400bf;\"><strong>Cookies<\/strong><\/span><br \/>\nVous \u00eates inform\u00e9 que, lors de la consultation de notre site, des informations sont susceptibles d&#8217;\u00eatre enregistr\u00e9es dans des fichiers &#8220;Cookies&#8221; install\u00e9s dans votre ordinateur, tablette ou t\u00e9l\u00e9phone mobile. Cette page permet de comprendre ce qu\u2019est un Cookie, \u00e0 quoi il sert et comment on peut le param\u00e9trer.<\/p>\n<p style=\"text-align: justify;\"><em>Qu\u2019est-ce qu\u2019un cookie ?<\/em><\/p>\n<p style=\"text-align: justify;\">Il s\u2019agit d\u2019un fichier texte d\u00e9pos\u00e9 dans un espace d\u00e9di\u00e9 du disque dur de votre terminal (ordinateur, tablette, t\u00e9l\u00e9phone mobile ou tout autre appareil optimis\u00e9 pour Internet), lors de la consultation d\u2019un contenu en ligne. Ce fichier Cookie ne peut \u00eatre lu que par son \u00e9metteur. Il permet, \u00e0 son \u00e9metteur, pendant sa dur\u00e9e de validit\u00e9, de reconna\u00eetre le terminal concern\u00e9 \u00e0 chaque fois que ce terminal acc\u00e8de \u00e0 un contenu num\u00e9rique comportant des Cookies du m\u00eame \u00e9metteur. Le Cookie ne vous identifie pas personnellement, mais uniquement le navigateur de votre terminal.<\/p>\n<p style=\"text-align: justify;\"><em>A quoi servent les cookies ?<\/em><\/p>\n<p style=\"text-align: justify;\">Deux types de Cookies, r\u00e9pondant aux finalit\u00e9s d\u00e9crites ci-dessous, peuvent ainsi \u00eatre enregistr\u00e9s dans votre terminal \u00e0 l\u2019occasion d\u2019une visite de notre site :<\/p>\n<ul>\n<li>Pour vous authentifier : \u00e9tat de connexion, nom, pr\u00e9nom, adresse \u00e9lectronique<\/li>\n<li>Pour v\u00e9rifier que vous avez accept\u00e9 les cookies<\/li>\n<\/ul>\n<p><em>Vos choix en mati\u00e8re de gestion des cookies<\/em><\/p>\n<p style=\"text-align: justify;\">Vous avez le choix de configurer votre navigateur pour accepter tous les cookies, rejeter tous les cookies, vous informer quand un cookie est \u00e9mis, sa dur\u00e9e de validit\u00e9 et son contenu, ainsi que vous permettre de refuser son enregistrement dans votre terminal, et supprimer vos cookies p\u00e9riodiquement. Vous pouvez param\u00e9trer votre navigateur Internet pour d\u00e9sactiver les cookies. Notez toutefois que le blocage de tous les cookies rendra certaines fonctionnalit\u00e9s du portail inop\u00e9rantes.<\/p>\n<p style=\"text-align: justify;\">Le site internet de la CNIL (Commission Nationale de l&#8217;Informatique &amp; et des Libert\u00e9s) propose des conseils pratiques sur ces options et sur les modalit\u00e9s de suppression de fichiers cookies stock\u00e9s sur votre terminal, selon le navigateur que vous utilisez : <a href=\"http:\/\/www.cnil.fr\/vos-droits\/vos-traces\" target=\"_blank\" rel=\"noopener noreferrer\">http:\/\/www.cnil.fr\/vos-droits\/vos-traces<\/a>.<\/p>\n","protected":false},"excerpt":{"rendered":"<p>Informations \u00e9ditoriales Directeur de la publication : Madame Christine Gu\u00e9guen, Pr\u00e9sidente R\u00e9dacteur en chef : Madame Christine Gu\u00e9guen, Pr\u00e9sidente Editeur : Haut conseil du commissariat aux comptes (H3C) 104 avenue du pr\u00e9sident Kennedy 75016 Paris &#8211; France Cr\u00e9dits Photos : l\u2019\u0152il nu H\u00e9bergement\u00a0 : [\u00e0 compl\u00e9ter] R\u00e9alisation : Softeam Agency 21, avenue Victor Hugo &#8211; [&hellip;]<\/p>\n","protected":false},"author":1,"featured_media":0,"parent":0,"menu_order":0,"comment_status":"closed","ping_status":"closed","template":"","meta":{"_acf_changed":false,"_relevanssi_hide_post":"","_relevanssi_hide_content":"","_relevanssi_pin_for_all":"","_relevanssi_pin_keywords":"","_relevanssi_unpin_keywords":"","_relevanssi_related_keywords":"","_relevanssi_related_include_ids":"","_relevanssi_related_exclude_ids":"","_relevanssi_related_no_append":"","_relevanssi_related_not_related":"","_relevanssi_related_posts":"","_relevanssi_noindex_reason":"","inline_featured_image":false,"footnotes":""},"class_list":["post-5018","page","type-page","status-publish","hentry","entry"],"acf":[],"yoast_head":"<!-- This site is optimized with the Yoast SEO plugin v24.1 - https:\/\/yoast.com\/wordpress\/plugins\/seo\/ -->\n<title>Legal Mentions - H3C<\/title>\n<meta name=\"robots\" content=\"noindex, follow, max-snippet:-1, max-image-preview:large, max-video-preview:-1\" \/>\n<meta property=\"og:locale\" content=\"en_US\" \/>\n<meta property=\"og:type\" content=\"article\" \/>\n<meta property=\"og:title\" content=\"Legal Mentions - H3C\" \/>\n<meta property=\"og:url\" content=\"https:\/\/h3c.preprod.agence-modedemploi.fr\/mentions-legales\/\" \/>\n<meta property=\"og:site_name\" content=\"H3C\" \/>\n<meta property=\"article:modified_time\" content=\"2020-07-09T08:41:09+00:00\" \/>\n<meta property=\"og:image\" content=\"https:\/\/h3c.preprod.agence-modedemploi.fr\/wp-content\/uploads\/2020\/06\/logo-H3C-1200x630-1.jpg\" \/>\n\t<meta property=\"og:image:width\" content=\"1200\" \/>\n\t<meta property=\"og:image:height\" content=\"630\" \/>\n\t<meta property=\"og:image:type\" content=\"image\/jpeg\" \/>\n<meta name=\"twitter:card\" content=\"summary_large_image\" \/>\n<meta name=\"twitter:label1\" content=\"Est. reading time\" \/>\n\t<meta name=\"twitter:data1\" content=\"6 minutes\" \/>\n<script type=\"application\/ld+json\" class=\"yoast-schema-graph\">{\"@context\":\"https:\/\/schema.org\",\"@graph\":[{\"@type\":\"WebPage\",\"@id\":\"https:\/\/h3c.preprod.agence-modedemploi.fr\/mentions-legales\/\",\"url\":\"https:\/\/h3c.preprod.agence-modedemploi.fr\/mentions-legales\/\",\"name\":\"Legal Mentions - H3C\",\"isPartOf\":{\"@id\":\"https:\/\/h3c.preprod.agence-modedemploi.fr\/#website\"},\"datePublished\":\"2020-05-13T14:07:05+00:00\",\"dateModified\":\"2020-07-09T08:41:09+00:00\",\"breadcrumb\":{\"@id\":\"https:\/\/h3c.preprod.agence-modedemploi.fr\/mentions-legales\/#breadcrumb\"},\"inLanguage\":\"en-US\",\"potentialAction\":[{\"@type\":\"ReadAction\",\"target\":[\"https:\/\/h3c.preprod.agence-modedemploi.fr\/mentions-legales\/\"]}]},{\"@type\":\"BreadcrumbList\",\"@id\":\"https:\/\/h3c.preprod.agence-modedemploi.fr\/mentions-legales\/#breadcrumb\",\"itemListElement\":[{\"@type\":\"ListItem\",\"position\":1,\"name\":\"Home page\",\"item\":\"https:\/\/h3c.preprod.agence-modedemploi.fr\/en\/\"},{\"@type\":\"ListItem\",\"position\":2,\"name\":\"Legal Mentions\"}]},{\"@type\":\"WebSite\",\"@id\":\"https:\/\/h3c.preprod.agence-modedemploi.fr\/#website\",\"url\":\"https:\/\/h3c.preprod.agence-modedemploi.fr\/\",\"name\":\"H3C\",\"description\":\"Le site du Haut conseil du commissariat aux comptes\",\"publisher\":{\"@id\":\"https:\/\/h3c.preprod.agence-modedemploi.fr\/#organization\"},\"potentialAction\":[{\"@type\":\"SearchAction\",\"target\":{\"@type\":\"EntryPoint\",\"urlTemplate\":\"https:\/\/h3c.preprod.agence-modedemploi.fr\/?s={search_term_string}\"},\"query-input\":{\"@type\":\"PropertyValueSpecification\",\"valueRequired\":true,\"valueName\":\"search_term_string\"}}],\"inLanguage\":\"en-US\"},{\"@type\":\"Organization\",\"@id\":\"https:\/\/h3c.preprod.agence-modedemploi.fr\/#organization\",\"name\":\"H3C\",\"url\":\"https:\/\/h3c.preprod.agence-modedemploi.fr\/\",\"logo\":{\"@type\":\"ImageObject\",\"inLanguage\":\"en-US\",\"@id\":\"https:\/\/h3c.preprod.agence-modedemploi.fr\/#\/schema\/logo\/image\/\",\"url\":\"https:\/\/h3c.preprod.agence-modedemploi.fr\/wp-content\/uploads\/2020\/05\/h3C.jpg\",\"contentUrl\":\"https:\/\/h3c.preprod.agence-modedemploi.fr\/wp-content\/uploads\/2020\/05\/h3C.jpg\",\"width\":350,\"height\":240,\"caption\":\"H3C\"},\"image\":{\"@id\":\"https:\/\/h3c.preprod.agence-modedemploi.fr\/#\/schema\/logo\/image\/\"}}]}<\/script>\n<!-- \/ Yoast SEO plugin. -->","yoast_head_json":{"title":"Legal Mentions - H3C","robots":{"index":"noindex","follow":"follow","max-snippet":"max-snippet:-1","max-image-preview":"max-image-preview:large","max-video-preview":"max-video-preview:-1"},"og_locale":"en_US","og_type":"article","og_title":"Legal Mentions - H3C","og_url":"https:\/\/h3c.preprod.agence-modedemploi.fr\/mentions-legales\/","og_site_name":"H3C","article_modified_time":"2020-07-09T08:41:09+00:00","og_image":[{"width":1200,"height":630,"url":"https:\/\/h3c.preprod.agence-modedemploi.fr\/wp-content\/uploads\/2020\/06\/logo-H3C-1200x630-1.jpg","type":"image\/jpeg"}],"twitter_card":"summary_large_image","twitter_misc":{"Est. reading time":"6 minutes"},"schema":{"@context":"https:\/\/schema.org","@graph":[{"@type":"WebPage","@id":"https:\/\/h3c.preprod.agence-modedemploi.fr\/mentions-legales\/","url":"https:\/\/h3c.preprod.agence-modedemploi.fr\/mentions-legales\/","name":"Legal Mentions - H3C","isPartOf":{"@id":"https:\/\/h3c.preprod.agence-modedemploi.fr\/#website"},"datePublished":"2020-05-13T14:07:05+00:00","dateModified":"2020-07-09T08:41:09+00:00","breadcrumb":{"@id":"https:\/\/h3c.preprod.agence-modedemploi.fr\/mentions-legales\/#breadcrumb"},"inLanguage":"en-US","potentialAction":[{"@type":"ReadAction","target":["https:\/\/h3c.preprod.agence-modedemploi.fr\/mentions-legales\/"]}]},{"@type":"BreadcrumbList","@id":"https:\/\/h3c.preprod.agence-modedemploi.fr\/mentions-legales\/#breadcrumb","itemListElement":[{"@type":"ListItem","position":1,"name":"Home page","item":"https:\/\/h3c.preprod.agence-modedemploi.fr\/en\/"},{"@type":"ListItem","position":2,"name":"Legal Mentions"}]},{"@type":"WebSite","@id":"https:\/\/h3c.preprod.agence-modedemploi.fr\/#website","url":"https:\/\/h3c.preprod.agence-modedemploi.fr\/","name":"H3C","description":"Le site du Haut conseil du commissariat aux comptes","publisher":{"@id":"https:\/\/h3c.preprod.agence-modedemploi.fr\/#organization"},"potentialAction":[{"@type":"SearchAction","target":{"@type":"EntryPoint","urlTemplate":"https:\/\/h3c.preprod.agence-modedemploi.fr\/?s={search_term_string}"},"query-input":{"@type":"PropertyValueSpecification","valueRequired":true,"valueName":"search_term_string"}}],"inLanguage":"en-US"},{"@type":"Organization","@id":"https:\/\/h3c.preprod.agence-modedemploi.fr\/#organization","name":"H3C","url":"https:\/\/h3c.preprod.agence-modedemploi.fr\/","logo":{"@type":"ImageObject","inLanguage":"en-US","@id":"https:\/\/h3c.preprod.agence-modedemploi.fr\/#\/schema\/logo\/image\/","url":"https:\/\/h3c.preprod.agence-modedemploi.fr\/wp-content\/uploads\/2020\/05\/h3C.jpg","contentUrl":"https:\/\/h3c.preprod.agence-modedemploi.fr\/wp-content\/uploads\/2020\/05\/h3C.jpg","width":350,"height":240,"caption":"H3C"},"image":{"@id":"https:\/\/h3c.preprod.agence-modedemploi.fr\/#\/schema\/logo\/image\/"}}]}},"_links":{"self":[{"href":"https:\/\/h3c.preprod.agence-modedemploi.fr\/en\/wp-json\/wp\/v2\/pages\/5018","targetHints":{"allow":["GET"]}}],"collection":[{"href":"https:\/\/h3c.preprod.agence-modedemploi.fr\/en\/wp-json\/wp\/v2\/pages"}],"about":[{"href":"https:\/\/h3c.preprod.agence-modedemploi.fr\/en\/wp-json\/wp\/v2\/types\/page"}],"author":[{"embeddable":true,"href":"https:\/\/h3c.preprod.agence-modedemploi.fr\/en\/wp-json\/wp\/v2\/users\/1"}],"replies":[{"embeddable":true,"href":"https:\/\/h3c.preprod.agence-modedemploi.fr\/en\/wp-json\/wp\/v2\/comments?post=5018"}],"version-history":[{"count":1,"href":"https:\/\/h3c.preprod.agence-modedemploi.fr\/en\/wp-json\/wp\/v2\/pages\/5018\/revisions"}],"predecessor-version":[{"id":5019,"href":"https:\/\/h3c.preprod.agence-modedemploi.fr\/en\/wp-json\/wp\/v2\/pages\/5018\/revisions\/5019"}],"wp:attachment":[{"href":"https:\/\/h3c.preprod.agence-modedemploi.fr\/en\/wp-json\/wp\/v2\/media?parent=5018"}],"curies":[{"name":"wp","href":"https:\/\/api.w.org\/{rel}","templated":true}]}}